{"id":1984,"date":"2019-09-01T22:54:34","date_gmt":"2019-09-01T22:54:34","guid":{"rendered":"https:\/\/siriussibiu.ro\/en\/?page_id=1984"},"modified":"2024-04-10T12:54:33","modified_gmt":"2024-04-10T12:54:33","slug":"politica-de-cookies","status":"publish","type":"page","link":"https:\/\/siriussibiu.ro\/en\/politica-de-cookies\/","title":{"rendered":"Politic\u0103 de cookies"},"content":{"rendered":"\t\t<div data-elementor-type=\"wp-post\" data-elementor-id=\"1984\" class=\"elementor elementor-1984\" data-elementor-post-type=\"page\">\n\t\t\t\t\t\t<section class=\"elementor-section elementor-top-section elementor-element elementor-element-10b3474 elementor-section-boxed elementor-section-height-default elementor-section-height-default\" data-id=\"10b3474\" data-element_type=\"section\">\n\t\t\t\t\t\t<div class=\"elementor-container elementor-column-gap-default\">\n\t\t\t\t\t<div class=\"elementor-column elementor-col-100 elementor-top-column elementor-element elementor-element-988c61c elementor-invisible\" data-id=\"988c61c\" data-element_type=\"column\" data-settings=\"{&quot;animation&quot;:&quot;fadeIn&quot;,&quot;animation_delay&quot;:200}\">\n\t\t\t<div class=\"elementor-widget-wrap elementor-element-populated\">\n\t\t\t\t\t\t<div class=\"elementor-element elementor-element-f119f2f elementor-widget elementor-widget-text-editor\" data-id=\"f119f2f\" data-element_type=\"widget\" data-widget_type=\"text-editor.default\">\n\t\t\t\t<div class=\"elementor-widget-container\">\n\t\t\t\t\t\t\t<p style=\"text-align: center;\">Politic\u0103 de cookies<\/p>\t\t\t\t\t\t<\/div>\n\t\t\t\t<\/div>\n\t\t\t\t<div class=\"elementor-element elementor-element-9cdd897 elementor-widget elementor-widget-text-editor\" data-id=\"9cdd897\" data-element_type=\"widget\" data-widget_type=\"text-editor.default\">\n\t\t\t\t<div class=\"elementor-widget-container\">\n\t\t\t\t\t\t\t<p>COOKIES necesare sunt fisiere text, care sunt folosite de site-uri pentru eficientizarea utilizarii si imbunatatirea serviciilor oferite. Aceste fisiere le gasiti pe browser-ul dumneavoastra, pe hard disk-ul dispozitivului in functie de site-urile pe care le vizitati si fac interactiunea cu acestea mai sigura si mai rapida, deoarece isi pot aminti preferintele dumneavoastra.<br \/>Site-ul nostru foloseste cookies pentru a va distinge de ceilalti utilizatori si acest lucru ne ajuta sa va oferim o experienta mai buna atunci cand navigati pe site. Datele stocate prin fisierele cookies pe site-ul nostru nu arata detalii personale cu ajutorul carora sa se poata stabili o identiate individuala.<br \/>Folosim cookies pentru analizarea traficului pe website si pentru personalizarea continutului.<br \/>Site-ul nu poate functiona la parametri normali fara utilizarea cookies, fara acestea accesul la zonele securizate ale site-ului sau navigarea in pagina ar fi ingreunata.<br \/>Prin folosirea cookies de statistici, putem analiza informatii despre modul in care folositi site-ul nostru si vom sti ce imbunatatiri putem face.<br \/>Conform legii, putem stoca cookies pe dispozitivul dvs, doar in cazul in care ele sunt necesare pentru navigarea pe site. Perioada de expirare a acestor fi\u0219iere de tip cookie este de maximum 2 ani. Daca nu esti de acord cu folosirea cookies necesare functionarii normale a site-ului, va trebui sa abandonezi navigarea pe site-ul nostru. Pentru diferite alte tipuri de cookies, este necesar acordul dumneavoastra.<br \/>V\u0103 pute\u021bi retrage consim\u021b\u0103m\u00e2ntul privind fi\u0219ierele de tip cookie \u00een orice moment. \u00cen acest scop, pute\u0163i s\u0103 bloca\u0163i sau elimina\u0163i fi\u015fierele cookie, fie prin intermediul set\u0103rilor browser-ului dvs., web sau prin utilizarea unor software-uri puse la dispozi\u0163ie de ter\u021bi, sau urm\u00e2nd instruc\u0163iunile specifice pentru categoriile de cookie din sec\u0163iunile urm\u0103toare. In orice situa\u0163ie pot ap\u0103rea probleme legate de utilizarea anumitor p\u0103r\u021bi ale site-ului web dac\u0103 dezactiva\u0163i fi\u015fierele de tip cookie.<br \/>Acordul dumneavoastra pentru folosirea cookies, este valabil pentru domeniul :\u00a0https:\/\/siriussibiu.ro\/en<\/p><p>COOKIES pentru Marketing, sunt folosite pentru a stoca vizitele si cautarile unui utilizator pe web si a-i afisa anunturi relevante si antrenante in functie de cautarile recente. Acest tip de cookies sunt utilizate de agentiile de publicitate.<br \/>COOKIES Preferinte, permit site-ului sa aminteasca informatii precum limba dvs. preferata sau zona in care va aflati.<br \/>COOKIES Statistice, ne ajuta sa intelegem cum interactioneaza utilizatorii cu site-ul nostru, prin colectarea informatiilor in mod anonim.<br \/>Web site-ul nostru poate include functii de comunicare sociala ,cum ar fi link-uri catre Facebook,Twitter, Instagram,Linkedin sau Youtube. Aceste functii pot stoca informatii si pot activa un fisier tip cookies pentru o functionare corecta.<br \/>Website-ul nostru poate utiliza link-uri catre alte site-uri pe care nu le controlam, prin urmare va solicitam sa cititi cu atentie politicile lor in privinta datelor personale si a politicii de confidentialitate<\/p><p>Google Analytics<br \/>Website-ul nostru utilizeaz\u0103 Google Analytics, un serviciu pentru analiza web, furnizat de Google. Google Analytics utilizeaz\u0103 fi\u0219iere de tip cookie pentru a ajuta un anumit Website s\u0103 analizeze modul \u00een care utiliza\u021bi respectivul Website. Informa\u021biile generate de fi\u0219ierele de tip cookie cu privire la utilizarea de c\u0103tre dvs. a Website-ului (inclusiv adresa dvs. IP),\u00a0vor fi transmise \u0219i stocate de Google pe servere care pot fi localizate \u00een UE, SEE \u015fi\/sau Statele Unite. Google va utiliza aceste informa\u021bii \u00een scopul evalu\u0103rii utiliz\u0103rii de c\u0103tre dvs. a Website-ului, elabor\u00e2nd rapoarte cu privire la activitatea Website-ului pentru operatorii Website-ului \u0219i furniz\u00e2nd alte servicii referitoare la activitatea Website-ului \u0219i la utilizarea internetului.<br \/>Daca aveti intrebari sau nelamuriri cu privire la prelucrarea si stocarea datelor dvs., sau daca doriti modificarea sau stergerea acestora, va rugam sa ne contactati la adresa office@siriussibiu.ro<\/p><p>Putem actualiza Politica Cookies si va vom informa despre modificari prin postarea noii variante pe site-ul nostru la sectiunea \u201cPolitica Cookies\u201d<\/p><p>Va rugam sa consultati periodic aceasta sectiune, pentru a fi la curent cu orice modificare.<\/p><p>PROTECTIA DATELOR CU CARACTER PERSONAL<\/p><p>Pentru a accesa, corecta, \u0219terge \u0219i limita prelucrarea datelor personale (GDPR), v\u0103 rug\u0103m s\u0103 ne contactati la adresa de email\u00a0office@siriussibiu.ro<br \/>Pute\u021bi solicita ca datele dvs. cu caracter personal s\u0103 poat\u0103 sau nu fi utilizate sau transmise catre un alt procesor (GDPR) la adresa de email office@siriussibiu.ro<br \/>\u00cen cazul \u00een care considerati ca datele dvs. personale nu au fost protejate conform legii, ave\u021bi dreptul de a depune o pl\u00e2ngere la autoritatea de supraveghere (GDPR).<\/p><p>Acest site utilizeaz\u0103 cookie-uri. Folosim cookie-uri pentru a personaliza con\u021binutul \u0219i anun\u021burile, pentru a oferi func\u021bii de re\u021bele sociale \u0219i pentru a analiza traficul. De asemenea, le oferim partenerilor de re\u021bele sociale, de publicitate \u0219i de analize informa\u021bii cu privire la modul \u00een care folosi\u021bi site-ul nostru. Ace\u0219tia le pot combina cu alte informa\u021bii oferite de dvs. sau culese \u00een urma folosirii serviciilor lor. \u00cen cazul \u00een care alege\u021bi s\u0103 continua\u021bi s\u0103 utiliza\u021bi website-ul nostru, sunte\u021bi de acord cu utilizarea modulelor noastre cookie.<\/p><p>Cookie-urile sunt mici fi\u015fiere de text ce pot fi utilizate de c\u0103tre site-urile web pentru a face utilizarea lor mai eficient\u0103.<\/p><p>Legea stipuleaz\u0103 c\u0103 putem stoca cookie-uri pe dispozitivul dvs., \u00een cazul \u00een care ele sunt strict necesare pentru operarea acestui site. Pentru toate celelalte tipuri de cookie-uri avem nevoie de permisiunea dvs.<\/p><p>Acest site utilizeaz\u0103 diferite tipuri de cookie-uri. Unele cookie-uri sunt plasate de c\u0103tre servicii p\u0103r\u0163i ter\u0163e care apar pe paginile noastre.<\/p><p>Pute\u021bi, \u00een orice moment, s\u0103 modifica\u021bi sau s\u0103 v\u0103 retrage\u021bi acordul din Declara\u021bia privind modulele cookie de pe website-ul nostru.<\/p><p>Afla\u021bi mai multe despre cine suntem, cum ne pute\u021bi contacta \u0219i cum proces\u0103m datele personale \u00een Politica noastr\u0103 de confiden\u021bialitate.<\/p><p>Consim\u0163\u0103m\u00e2ntul dvs. se aplic\u0103 urm\u0103toarelor domenii:\u00a0https:\/\/siriussibiu.ro\/en<\/p>\t\t\t\t\t\t<\/div>\n\t\t\t\t<\/div>\n\t\t\t\t\t<\/div>\n\t\t<\/div>\n\t\t\t\t\t<\/div>\n\t\t<\/section>\n\t\t\t\t<\/div>\n\t\t","protected":false},"excerpt":{"rendered":"<p>Politic\u0103 de cookies COOKIES necesare sunt fisiere text, care sunt folosite de site-uri pentru eficientizarea utilizarii si imbunatatirea serviciilor oferite. Aceste fisiere le gasiti pe browser-ul dumneavoastra, pe hard disk-ul dispozitivului in functie de site-urile pe care le vizitati si fac interactiunea cu acestea mai sigura si mai rapida, deoarece isi pot aminti preferintele dumneavoastra.Site-ul [&hellip;]<\/p>\n","protected":false},"author":1,"featured_media":0,"parent":0,"menu_order":0,"comment_status":"closed","ping_status":"closed","template":"elementor_header_footer","meta":{"footnotes":""},"yoast_head":"<!-- This site is optimized with the Yoast SEO plugin v22.3 - https:\/\/yoast.com\/wordpress\/plugins\/seo\/ -->\n<title>Politic\u0103 de cookies - Sirius Sibiu<\/title>\n<meta name=\"robots\" content=\"index, follow, max-snippet:-1, max-image-preview:large, max-video-preview:-1\" \/>\n<link rel=\"canonical\" href=\"https:\/\/siriussibiu.ro\/en\/politica-de-cookies\/\" \/>\n<meta property=\"og:locale\" content=\"ro_RO\" \/>\n<meta property=\"og:type\" content=\"article\" \/>\n<meta property=\"og:title\" content=\"Politic\u0103 de cookies - Sirius Sibiu\" \/>\n<meta property=\"og:description\" content=\"Politic\u0103 de cookies COOKIES necesare sunt fisiere text, care sunt folosite de site-uri pentru eficientizarea utilizarii si imbunatatirea serviciilor oferite. Aceste fisiere le gasiti pe browser-ul dumneavoastra, pe hard disk-ul dispozitivului in functie de site-urile pe care le vizitati si fac interactiunea cu acestea mai sigura si mai rapida, deoarece isi pot aminti preferintele dumneavoastra.Site-ul [&hellip;]\" \/>\n<meta property=\"og:url\" content=\"https:\/\/siriussibiu.ro\/en\/politica-de-cookies\/\" \/>\n<meta property=\"og:site_name\" content=\"Sirius Sibiu\" \/>\n<meta property=\"article:modified_time\" content=\"2024-04-10T12:54:33+00:00\" \/>\n<meta name=\"twitter:card\" content=\"summary_large_image\" \/>\n<meta name=\"twitter:label1\" content=\"Timp estimat pentru citire\" \/>\n\t<meta name=\"twitter:data1\" content=\"1 minut\" \/>\n<script type=\"application\/ld+json\" class=\"yoast-schema-graph\">{\"@context\":\"https:\/\/schema.org\",\"@graph\":[{\"@type\":\"WebPage\",\"@id\":\"https:\/\/siriussibiu.ro\/en\/politica-de-cookies\/\",\"url\":\"https:\/\/siriussibiu.ro\/en\/politica-de-cookies\/\",\"name\":\"Politic\u0103 de cookies - Sirius Sibiu\",\"isPartOf\":{\"@id\":\"https:\/\/siriussibiu.ro\/en\/#website\"},\"datePublished\":\"2019-09-01T22:54:34+00:00\",\"dateModified\":\"2024-04-10T12:54:33+00:00\",\"breadcrumb\":{\"@id\":\"https:\/\/siriussibiu.ro\/en\/politica-de-cookies\/#breadcrumb\"},\"inLanguage\":\"ro-RO\",\"potentialAction\":[{\"@type\":\"ReadAction\",\"target\":[\"https:\/\/siriussibiu.ro\/en\/politica-de-cookies\/\"]}]},{\"@type\":\"BreadcrumbList\",\"@id\":\"https:\/\/siriussibiu.ro\/en\/politica-de-cookies\/#breadcrumb\",\"itemListElement\":[{\"@type\":\"ListItem\",\"position\":1,\"name\":\"Home\",\"item\":\"https:\/\/siriussibiu.ro\/en\/\"},{\"@type\":\"ListItem\",\"position\":2,\"name\":\"Politic\u0103 de cookies\"}]},{\"@type\":\"WebSite\",\"@id\":\"https:\/\/siriussibiu.ro\/en\/#website\",\"url\":\"https:\/\/siriussibiu.ro\/en\/\",\"name\":\"AMN Design\",\"description\":\"\",\"publisher\":{\"@id\":\"https:\/\/siriussibiu.ro\/en\/#\/schema\/person\/76e67b928e0d3dd1a0112ef73f1e514b\"},\"potentialAction\":[{\"@type\":\"SearchAction\",\"target\":{\"@type\":\"EntryPoint\",\"urlTemplate\":\"https:\/\/siriussibiu.ro\/en\/?s={search_term_string}\"},\"query-input\":\"required name=search_term_string\"}],\"inLanguage\":\"ro-RO\"},{\"@type\":[\"Person\",\"Organization\"],\"@id\":\"https:\/\/siriussibiu.ro\/en\/#\/schema\/person\/76e67b928e0d3dd1a0112ef73f1e514b\",\"name\":\"admin\",\"image\":{\"@type\":\"ImageObject\",\"inLanguage\":\"ro-RO\",\"@id\":\"https:\/\/siriussibiu.ro\/en\/#\/schema\/person\/image\/\",\"url\":\"https:\/\/secure.gravatar.com\/avatar\/19b6255ee9124ae715efc91a21d6257d?s=96&d=mm&r=g\",\"contentUrl\":\"https:\/\/secure.gravatar.com\/avatar\/19b6255ee9124ae715efc91a21d6257d?s=96&d=mm&r=g\",\"caption\":\"admin\"},\"logo\":{\"@id\":\"https:\/\/siriussibiu.ro\/en\/#\/schema\/person\/image\/\"}}]}<\/script>\n<!-- \/ Yoast SEO plugin. -->","yoast_head_json":{"title":"Politic\u0103 de cookies - Sirius Sibiu","robots":{"index":"index","follow":"follow","max-snippet":"max-snippet:-1","max-image-preview":"max-image-preview:large","max-video-preview":"max-video-preview:-1"},"canonical":"https:\/\/siriussibiu.ro\/en\/politica-de-cookies\/","og_locale":"ro_RO","og_type":"article","og_title":"Politic\u0103 de cookies - Sirius Sibiu","og_description":"Politic\u0103 de cookies COOKIES necesare sunt fisiere text, care sunt folosite de site-uri pentru eficientizarea utilizarii si imbunatatirea serviciilor oferite. Aceste fisiere le gasiti pe browser-ul dumneavoastra, pe hard disk-ul dispozitivului in functie de site-urile pe care le vizitati si fac interactiunea cu acestea mai sigura si mai rapida, deoarece isi pot aminti preferintele dumneavoastra.Site-ul [&hellip;]","og_url":"https:\/\/siriussibiu.ro\/en\/politica-de-cookies\/","og_site_name":"Sirius Sibiu","article_modified_time":"2024-04-10T12:54:33+00:00","twitter_card":"summary_large_image","twitter_misc":{"Timp estimat pentru citire":"1 minut"},"schema":{"@context":"https:\/\/schema.org","@graph":[{"@type":"WebPage","@id":"https:\/\/siriussibiu.ro\/en\/politica-de-cookies\/","url":"https:\/\/siriussibiu.ro\/en\/politica-de-cookies\/","name":"Politic\u0103 de cookies - Sirius Sibiu","isPartOf":{"@id":"https:\/\/siriussibiu.ro\/en\/#website"},"datePublished":"2019-09-01T22:54:34+00:00","dateModified":"2024-04-10T12:54:33+00:00","breadcrumb":{"@id":"https:\/\/siriussibiu.ro\/en\/politica-de-cookies\/#breadcrumb"},"inLanguage":"ro-RO","potentialAction":[{"@type":"ReadAction","target":["https:\/\/siriussibiu.ro\/en\/politica-de-cookies\/"]}]},{"@type":"BreadcrumbList","@id":"https:\/\/siriussibiu.ro\/en\/politica-de-cookies\/#breadcrumb","itemListElement":[{"@type":"ListItem","position":1,"name":"Home","item":"https:\/\/siriussibiu.ro\/en\/"},{"@type":"ListItem","position":2,"name":"Politic\u0103 de cookies"}]},{"@type":"WebSite","@id":"https:\/\/siriussibiu.ro\/en\/#website","url":"https:\/\/siriussibiu.ro\/en\/","name":"AMN Design","description":"","publisher":{"@id":"https:\/\/siriussibiu.ro\/en\/#\/schema\/person\/76e67b928e0d3dd1a0112ef73f1e514b"},"potentialAction":[{"@type":"SearchAction","target":{"@type":"EntryPoint","urlTemplate":"https:\/\/siriussibiu.ro\/en\/?s={search_term_string}"},"query-input":"required name=search_term_string"}],"inLanguage":"ro-RO"},{"@type":["Person","Organization"],"@id":"https:\/\/siriussibiu.ro\/en\/#\/schema\/person\/76e67b928e0d3dd1a0112ef73f1e514b","name":"admin","image":{"@type":"ImageObject","inLanguage":"ro-RO","@id":"https:\/\/siriussibiu.ro\/en\/#\/schema\/person\/image\/","url":"https:\/\/secure.gravatar.com\/avatar\/19b6255ee9124ae715efc91a21d6257d?s=96&d=mm&r=g","contentUrl":"https:\/\/secure.gravatar.com\/avatar\/19b6255ee9124ae715efc91a21d6257d?s=96&d=mm&r=g","caption":"admin"},"logo":{"@id":"https:\/\/siriussibiu.ro\/en\/#\/schema\/person\/image\/"}}]}},"_links":{"self":[{"href":"https:\/\/siriussibiu.ro\/en\/wp-json\/wp\/v2\/pages\/1984"}],"collection":[{"href":"https:\/\/siriussibiu.ro\/en\/wp-json\/wp\/v2\/pages"}],"about":[{"href":"https:\/\/siriussibiu.ro\/en\/wp-json\/wp\/v2\/types\/page"}],"author":[{"embeddable":true,"href":"https:\/\/siriussibiu.ro\/en\/wp-json\/wp\/v2\/users\/1"}],"replies":[{"embeddable":true,"href":"https:\/\/siriussibiu.ro\/en\/wp-json\/wp\/v2\/comments?post=1984"}],"version-history":[{"count":18,"href":"https:\/\/siriussibiu.ro\/en\/wp-json\/wp\/v2\/pages\/1984\/revisions"}],"predecessor-version":[{"id":5428,"href":"https:\/\/siriussibiu.ro\/en\/wp-json\/wp\/v2\/pages\/1984\/revisions\/5428"}],"wp:attachment":[{"href":"https:\/\/siriussibiu.ro\/en\/wp-json\/wp\/v2\/media?parent=1984"}],"curies":[{"name":"wp","href":"https:\/\/api.w.org\/{rel}","templated":true}]}}